{"id":15,"date":"2014-07-19T17:50:56","date_gmt":"2014-07-19T17:50:56","guid":{"rendered":"http:\/\/www.printologic.hu\/?page_id=15"},"modified":"2015-11-20T10:56:12","modified_gmt":"2015-11-20T09:56:12","slug":"a-projektet-tamogattak","status":"publish","type":"page","link":"https:\/\/www.printologic.hu\/de\/a-projektet-tamogattak\/","title":{"rendered":"\u00dcber uns"},"content":{"rendered":"<p><\/p>\n<p style=\"text-align: center;\">Die SzondaPhone GmbH bietet ihren Kunden seit 1998 eine qualitativ un\u00fcbertreffbare Technologie, aufgrund einer hochentwickelten Telekommunikation.<\/p>\n<p style=\"text-align: center;\">W\u00e4hrend der letzten f\u00fcnfzehn Jahren ist die Entwicklung ungebrochen geblieben, dank \u2013 neben der Qualit\u00e4t \u2013 unseren Mitarbeitern und vor allem unseren Kunden, die sich f\u00fcr Qualit\u00e4t entschieden haben.<\/p>\n<p style=\"text-align: center;\">Unser Unternehmen erfuhr ein Wachstum nicht nur an dem Budapester Standort, es expandiert auf Landesebene. 2006 haben wir eine Niederlassung in Ny\u00edregyh\u00e1za, 2010 eine in Miskolc er\u00f6ffnet. Damit haben wir die Zahl der Arbeitsstationen bis \u00fcber 500 erh\u00f6ht.<\/p>\n<p style=\"text-align: center;\">Die leitenden MitarbeiterInnen sind hochqualifiziert und helfen durch ihre f\u00f6rdernde Einstellung dem Unternehmen, immer vorw\u00e4rts zu kommen. Die MitarbeiterInnen sowohl auf dem \u201eKampfplatz\u201d als auch im Hintergrund sind fast ausnahmslos auch als OperatorInnen t\u00e4tig gewesen, somit verf\u00fcgen sie alle \u00fcber die notwendigen Erfahrungen, um die Aufgaben und Problemen zu \u00fcberschauen und verstehen zu k\u00f6nnen.<\/p>\n<p><\/p>","protected":false},"excerpt":{"rendered":"Die SzondaPhone GmbH bietet ihren Kunden seit 1998 eine qualitativ un\u00fcbertreffbare Technologie, aufgrund einer hochentwickelten Telekommunikation. W\u00e4hrend der letzten f\u00fcnfzehn Jahren ist die Entwicklung ungebrochen geblieben, dank \u2013 neben der Qualit\u00e4t \u2013 unseren Mitarbeitern und vor allem unseren Kunden, die sich f\u00fcr Qualit\u00e4t entschieden haben. Unser Unternehmen erfuhr ein Wachstum nicht nur an dem Budapester&#8230; <a class=\"view-article\" href=\"https:\/\/www.printologic.hu\/de\/a-projektet-tamogattak\/\">Artikel ansehen<\/a>","protected":false},"author":1,"featured_media":0,"parent":0,"menu_order":0,"comment_status":"open","ping_status":"open","template":"","meta":[],"_links":{"self":[{"href":"https:\/\/www.printologic.hu\/de\/wp-json\/wp\/v2\/pages\/15"}],"collection":[{"href":"https:\/\/www.printologic.hu\/de\/wp-json\/wp\/v2\/pages"}],"about":[{"href":"https:\/\/www.printologic.hu\/de\/wp-json\/wp\/v2\/types\/page"}],"author":[{"embeddable":true,"href":"https:\/\/www.printologic.hu\/de\/wp-json\/wp\/v2\/users\/1"}],"replies":[{"embeddable":true,"href":"https:\/\/www.printologic.hu\/de\/wp-json\/wp\/v2\/comments?post=15"}],"version-history":[{"count":10,"href":"https:\/\/www.printologic.hu\/de\/wp-json\/wp\/v2\/pages\/15\/revisions"}],"predecessor-version":[{"id":586,"href":"https:\/\/www.printologic.hu\/de\/wp-json\/wp\/v2\/pages\/15\/revisions\/586"}],"wp:attachment":[{"href":"https:\/\/www.printologic.hu\/de\/wp-json\/wp\/v2\/media?parent=15"}],"curies":[{"name":"wp","href":"https:\/\/api.w.org\/{rel}","templated":true}]}}