{"id":8,"date":"2014-07-19T17:02:33","date_gmt":"2014-07-19T17:02:33","guid":{"rendered":"http:\/\/www.printologic.hu\/?page_id=8"},"modified":"2015-11-20T11:39:04","modified_gmt":"2015-11-20T10:39:04","slug":"osszefoglalas","status":"publish","type":"page","link":"http:\/\/www.printologic.hu\/hu\/osszefoglalas\/","title":{"rendered":"A technol\u00f3gia"},"content":{"rendered":"<p><strong>A PRINTOLOGIC rendszer fejleszt\u00e9s c\u00e9lja, hogy olyan megold\u00e1st k\u00edn\u00e1ljon els\u0151sorban nagyv\u00e1llalatok, illetve jellemz\u0151en nagy mennyis\u00e9g\u0171 nyomtat\u00e1ssal j\u00e1r\u00f3 tev\u00e9kenys\u00e9get folytat\u00f3 szervezetek sz\u00e1m\u00e1ra, amely alkalmas a nyomtat\u00e1ssal j\u00e1r\u00f3 k\u00f6lts\u00e9gek sz\u00e1mottev\u0151 cs\u00f6kkent\u00e9s\u00e9re.<\/strong><\/p>\n<p>A k\u00f6lts\u00e9gek cs\u00f6kkent\u00e9s\u00e9t legink\u00e1bb a cs\u00f6kkentett pap\u00edr- \u00e9s nyomtat\u00f3fest\u00e9k-fogyaszt\u00e1s, valamint a munkaid\u0151-megtakar\u00edt\u00e1s ter\u00fclet\u00e9n lehet el\u00e9rni. Az els\u0151 k\u00e9t megtakar\u00edt\u00e1s r\u00e9v\u00e9n a k\u00f6zvetlen k\u00f6lts\u00e9gek megtakar\u00edt\u00e1s\u00e1n fel\u00fcl a technol\u00f3gia jelent\u0151sen cs\u00f6kkenti a nyomtat\u00e1s j\u00e1rul\u00e9kos k\u00f6rnyezetterhel\u00e9s\u00e9t is, ez\u00e1ltal kifejlesztett szoftver haszn\u00e1lat\u00e1hoz k\u00f6z\u00f6ss\u00e9gi \u00e9rdek is f\u0171z\u0151dik.Az eszk\u00f6zzel megtakar\u00edthat\u00f3 \u00e9l\u0151munka-mennyis\u00e9g \u00e9ves szinten t\u00f6bb h\u00f3napot is kitehet. A megtakar\u00edtott id\u0151, valamint a hagyom\u00e1nyos eszk\u00f6z\u00f6kkel v\u00e9gezett nyomtat\u00e1si feladatok sor\u00e1n gyakran jelentkez\u0151 bosszant\u00f3 hibaesem\u00e9nyek elker\u00fcl\u00e9se folyt\u00e1n, a PRINTOLOGIC \u00f6sszess\u00e9g\u00e9ben nyugodtabb, ez\u00e1ltal produkt\u00edvabb munkak\u00f6rnyezetet eredm\u00e9nyez.<\/p>","protected":false},"excerpt":{"rendered":"A PRINTOLOGIC rendszer fejleszt\u00e9s c\u00e9lja, hogy olyan megold\u00e1st k\u00edn\u00e1ljon els\u0151sorban nagyv\u00e1llalatok, illetve jellemz\u0151en nagy mennyis\u00e9g\u0171 nyomtat\u00e1ssal j\u00e1r\u00f3 tev\u00e9kenys\u00e9get folytat\u00f3 szervezetek sz\u00e1m\u00e1ra, amely alkalmas a nyomtat\u00e1ssal j\u00e1r\u00f3 k\u00f6lts\u00e9gek sz\u00e1mottev\u0151 cs\u00f6kkent\u00e9s\u00e9re. A k\u00f6lts\u00e9gek cs\u00f6kkent\u00e9s\u00e9t legink\u00e1bb a cs\u00f6kkentett pap\u00edr- \u00e9s nyomtat\u00f3fest\u00e9k-fogyaszt\u00e1s, valamint a munkaid\u0151-megtakar\u00edt\u00e1s ter\u00fclet\u00e9n lehet el\u00e9rni. Az els\u0151 k\u00e9t megtakar\u00edt\u00e1s r\u00e9v\u00e9n a k\u00f6zvetlen k\u00f6lts\u00e9gek megtakar\u00edt\u00e1s\u00e1n fel\u00fcl a&#8230; <a class=\"view-article\" href=\"http:\/\/www.printologic.hu\/hu\/osszefoglalas\/\">View Article<\/a>","protected":false},"author":1,"featured_media":416,"parent":0,"menu_order":0,"comment_status":"open","ping_status":"open","template":"","meta":[],"_links":{"self":[{"href":"http:\/\/www.printologic.hu\/hu\/wp-json\/wp\/v2\/pages\/8"}],"collection":[{"href":"http:\/\/www.printologic.hu\/hu\/wp-json\/wp\/v2\/pages"}],"about":[{"href":"http:\/\/www.printologic.hu\/hu\/wp-json\/wp\/v2\/types\/page"}],"author":[{"embeddable":true,"href":"http:\/\/www.printologic.hu\/hu\/wp-json\/wp\/v2\/users\/1"}],"replies":[{"embeddable":true,"href":"http:\/\/www.printologic.hu\/hu\/wp-json\/wp\/v2\/comments?post=8"}],"version-history":[{"count":15,"href":"http:\/\/www.printologic.hu\/hu\/wp-json\/wp\/v2\/pages\/8\/revisions"}],"predecessor-version":[{"id":598,"href":"http:\/\/www.printologic.hu\/hu\/wp-json\/wp\/v2\/pages\/8\/revisions\/598"}],"wp:featuredmedia":[{"embeddable":true,"href":"http:\/\/www.printologic.hu\/hu\/wp-json\/wp\/v2\/media\/416"}],"wp:attachment":[{"href":"http:\/\/www.printologic.hu\/hu\/wp-json\/wp\/v2\/media?parent=8"}],"curies":[{"name":"wp","href":"https:\/\/api.w.org\/{rel}","templated":true}]}}