{"id":6,"date":"2014-07-19T16:49:58","date_gmt":"2014-07-19T16:49:58","guid":{"rendered":"http:\/\/www.printologic.hu\/?page_id=6"},"modified":"2015-11-20T11:02:01","modified_gmt":"2015-11-20T10:02:01","slug":"kezdolap","status":"publish","type":"page","link":"http:\/\/www.printologic.hu\/hu\/kezdolap\/","title":{"rendered":"Kezd\u0151lap"},"content":{"rendered":"<p><span class=\"kek\">Nyomtat\u00e1s<\/span> <span class=\"lila\">olcs\u00f3bban,<\/span> <span class=\"sarga\">korszer\u0171bben,<\/span> k\u00f6rnyezetk\u00edm\u00e9l\u0151 m\u00f3don<\/p>","protected":false},"excerpt":{"rendered":"Nyomtat\u00e1s olcs\u00f3bban, korszer\u0171bben, k\u00f6rnyezetk\u00edm\u00e9l\u0151 m\u00f3don","protected":false},"author":1,"featured_media":418,"parent":0,"menu_order":0,"comment_status":"open","ping_status":"open","template":"","meta":[],"_links":{"self":[{"href":"http:\/\/www.printologic.hu\/hu\/wp-json\/wp\/v2\/pages\/6"}],"collection":[{"href":"http:\/\/www.printologic.hu\/hu\/wp-json\/wp\/v2\/pages"}],"about":[{"href":"http:\/\/www.printologic.hu\/hu\/wp-json\/wp\/v2\/types\/page"}],"author":[{"embeddable":true,"href":"http:\/\/www.printologic.hu\/hu\/wp-json\/wp\/v2\/users\/1"}],"replies":[{"embeddable":true,"href":"http:\/\/www.printologic.hu\/hu\/wp-json\/wp\/v2\/comments?post=6"}],"version-history":[{"count":15,"href":"http:\/\/www.printologic.hu\/hu\/wp-json\/wp\/v2\/pages\/6\/revisions"}],"predecessor-version":[{"id":589,"href":"http:\/\/www.printologic.hu\/hu\/wp-json\/wp\/v2\/pages\/6\/revisions\/589"}],"wp:featuredmedia":[{"embeddable":true,"href":"http:\/\/www.printologic.hu\/hu\/wp-json\/wp\/v2\/media\/418"}],"wp:attachment":[{"href":"http:\/\/www.printologic.hu\/hu\/wp-json\/wp\/v2\/media?parent=6"}],"curies":[{"name":"wp","href":"https:\/\/api.w.org\/{rel}","templated":true}]}}