{"id":8,"date":"2014-07-19T17:02:33","date_gmt":"2014-07-19T17:02:33","guid":{"rendered":"http:\/\/www.printologic.hu\/?page_id=8"},"modified":"2015-11-20T11:39:04","modified_gmt":"2015-11-20T10:39:04","slug":"osszefoglalas","status":"publish","type":"page","link":"http:\/\/www.printologic.hu\/de\/osszefoglalas\/","title":{"rendered":"Technologie"},"content":{"rendered":"<p><strong>Ziel der Systementwicklung PRINTOLOGIC ist eine L\u00f6sung f\u00fcr Gro\u00dfunternehmen bzw. f\u00fcr Organisationen anzubieten, die mit einer gro\u00dfen Menge an Printmaterial arbeiten, um die Druckkosten bedeutend verringern zu k\u00f6nnen.<\/strong><\/p>\n<p>Eine Kostenminderung kann vor allem durch den verringerten Verbrauch von Papier und Druckerfarbe sowie Ersparung der Arbeitszeit erreicht werden. Dank dem niedrigeren Aufwand an Material mindert diese Technologie neben die unmittelbaren Kosten auch die zus\u00e4tzliche Umweltbelastung durch Drucken. Somit kn\u00fcpfen sich an die Nutzung der Software auch gesellschaftliche Interessen. Durch dieses Mittel kann die Verk\u00fcrzung der lebendigen Arbeitszeit im Jahresschnitt sogar mehrere Monate betragen. Dank der ersparten Arbeitszeit, sowie der Vermeidung von \u00e4rgerlichen Fehlern mit den herk\u00f6mmlichen Druckern ergibt PRINTOLOGIC ein ruhigeres und dadurch produktiveres Arbeitsklima<\/p>\n<p>&nbsp;<\/p>","protected":false},"excerpt":{"rendered":"Ziel der Systementwicklung PRINTOLOGIC ist eine L\u00f6sung f\u00fcr Gro\u00dfunternehmen bzw. f\u00fcr Organisationen anzubieten, die mit einer gro\u00dfen Menge an Printmaterial arbeiten, um die Druckkosten bedeutend verringern zu k\u00f6nnen. Eine Kostenminderung kann vor allem durch den verringerten Verbrauch von Papier und Druckerfarbe sowie Ersparung der Arbeitszeit erreicht werden. Dank dem niedrigeren Aufwand an Material mindert diese&#8230; <a class=\"view-article\" href=\"http:\/\/www.printologic.hu\/de\/osszefoglalas\/\">Artikel ansehen<\/a>","protected":false},"author":1,"featured_media":416,"parent":0,"menu_order":0,"comment_status":"open","ping_status":"open","template":"","meta":[],"_links":{"self":[{"href":"http:\/\/www.printologic.hu\/de\/wp-json\/wp\/v2\/pages\/8"}],"collection":[{"href":"http:\/\/www.printologic.hu\/de\/wp-json\/wp\/v2\/pages"}],"about":[{"href":"http:\/\/www.printologic.hu\/de\/wp-json\/wp\/v2\/types\/page"}],"author":[{"embeddable":true,"href":"http:\/\/www.printologic.hu\/de\/wp-json\/wp\/v2\/users\/1"}],"replies":[{"embeddable":true,"href":"http:\/\/www.printologic.hu\/de\/wp-json\/wp\/v2\/comments?post=8"}],"version-history":[{"count":15,"href":"http:\/\/www.printologic.hu\/de\/wp-json\/wp\/v2\/pages\/8\/revisions"}],"predecessor-version":[{"id":598,"href":"http:\/\/www.printologic.hu\/de\/wp-json\/wp\/v2\/pages\/8\/revisions\/598"}],"wp:featuredmedia":[{"embeddable":true,"href":"http:\/\/www.printologic.hu\/de\/wp-json\/wp\/v2\/media\/416"}],"wp:attachment":[{"href":"http:\/\/www.printologic.hu\/de\/wp-json\/wp\/v2\/media?parent=8"}],"curies":[{"name":"wp","href":"https:\/\/api.w.org\/{rel}","templated":true}]}}