{"id":335,"date":"2014-07-22T00:00:02","date_gmt":"2014-07-21T22:00:02","guid":{"rendered":"http:\/\/www.printologic.hu\/?page_id=335"},"modified":"2015-11-20T11:05:01","modified_gmt":"2015-11-20T10:05:01","slug":"kapcsolat","status":"publish","type":"page","link":"http:\/\/www.printologic.hu\/de\/kapcsolat\/","title":{"rendered":"Kontakt"},"content":{"rendered":"<p><\/p>\n<p style=\"text-align: center;\"><strong>SzondaPhone<br \/>\nTELEMARKETING ANBIETER- UND HANDELS-GmbH<\/strong><\/p>\n<p><a href=\"http:\/\/szondaphone.hu\/\" target=\"_blank\"><img loading=\"lazy\" class=\"alignnone wp-image-422\" src=\"http:\/\/www.printologic.hu\/wp-content\/uploads\/2014\/07\/szp.jpg\" alt=\"szp\" width=\"188\" height=\"100\" \/><\/a><br \/>\nHU 1096 Budapest, Thaly K\u00e1lm\u00e1n u 39.<\/p>\n<p><a href=\"http:\/\/www.szondaphone.hu\" target=\"_blank\">www.szondaphone.hu<\/a><br \/>\n<a href=\"mailto:info@szondaphone.hu\" target=\"_blank\">info@szondaphone.hu<\/a><\/p>\n<p>Tel.: +36 1 467 5520<br \/>\nFax: +36 1 236 1293<\/p>\n<p><strong>Branchoffice:<\/strong><\/p>\n<p>HU 4400 Ny\u00edregyh\u00e1za, Sz\u00e9chenyi u. 32\/B.<\/p>\n<p>Tel.: (1) 467 5520<br \/>\nFax: (1) 236 1293<\/p>","protected":false},"excerpt":{"rendered":"SzondaPhone TELEMARKETING ANBIETER- UND HANDELS-GmbH HU 1096 Budapest, Thaly K\u00e1lm\u00e1n u 39. www.szondaphone.hu info@szondaphone.hu Tel.: +36 1 467 5520 Fax: +36 1 236 1293 Branchoffice: HU 4400 Ny\u00edregyh\u00e1za, Sz\u00e9chenyi u. 32\/B. Tel.: (1) 467 5520 Fax: (1) 236 1293","protected":false},"author":1,"featured_media":0,"parent":0,"menu_order":0,"comment_status":"open","ping_status":"open","template":"","meta":[],"_links":{"self":[{"href":"http:\/\/www.printologic.hu\/de\/wp-json\/wp\/v2\/pages\/335"}],"collection":[{"href":"http:\/\/www.printologic.hu\/de\/wp-json\/wp\/v2\/pages"}],"about":[{"href":"http:\/\/www.printologic.hu\/de\/wp-json\/wp\/v2\/types\/page"}],"author":[{"embeddable":true,"href":"http:\/\/www.printologic.hu\/de\/wp-json\/wp\/v2\/users\/1"}],"replies":[{"embeddable":true,"href":"http:\/\/www.printologic.hu\/de\/wp-json\/wp\/v2\/comments?post=335"}],"version-history":[{"count":10,"href":"http:\/\/www.printologic.hu\/de\/wp-json\/wp\/v2\/pages\/335\/revisions"}],"predecessor-version":[{"id":590,"href":"http:\/\/www.printologic.hu\/de\/wp-json\/wp\/v2\/pages\/335\/revisions\/590"}],"wp:attachment":[{"href":"http:\/\/www.printologic.hu\/de\/wp-json\/wp\/v2\/media?parent=335"}],"curies":[{"name":"wp","href":"https:\/\/api.w.org\/{rel}","templated":true}]}}